{"id":202,"date":"2025-09-19T13:12:46","date_gmt":"2025-09-19T11:12:46","guid":{"rendered":"https:\/\/quiosccalmauro.com\/quienes-somos\/"},"modified":"2025-10-01T18:30:27","modified_gmt":"2025-10-01T16:30:27","slug":"quienes-somos","status":"publish","type":"page","link":"https:\/\/quiosccalmauro.com\/es\/quienes-somos\/","title":{"rendered":"Qui\u00e9nes somos"},"content":{"rendered":"<p><div class=\"fusion-fullwidth fullwidth-box fusion-builder-row-1 fusion-flex-container has-pattern-background has-mask-background fusion-parallax-none nonhundred-percent-fullwidth non-hundred-percent-height-scrolling\" style=\"--awb-border-radius-top-left:0px;--awb-border-radius-top-right:0px;--awb-border-radius-bottom-right:0px;--awb-border-radius-bottom-left:0px;--awb-padding-top:10%;--awb-padding-bottom:10%;--awb-background-image:linear-gradient(180deg, rgba(0,0,0,0.5) 0%,rgba(0,0,0,0.5) 100%),url(https:\/\/quiosccalmauro.com\/wp-content\/uploads\/2025\/09\/aa9e85342b9ece7a59274f3e36a2ef21f6823a1d.jpg);;--awb-background-size:cover;--awb-flex-wrap:wrap;\" ><div class=\"fusion-builder-row fusion-row fusion-flex-align-items-flex-start fusion-flex-content-wrap\" style=\"max-width:1248px;margin-left: calc(-4% \/ 2 );margin-right: calc(-4% \/ 2 );\"><div class=\"fusion-layout-column fusion_builder_column fusion-builder-column-0 fusion_builder_column_1_1 1_1 fusion-flex-column\" style=\"--awb-bg-size:cover;--awb-width-large:100%;--awb-margin-top-large:0px;--awb-spacing-right-large:1.92%;--awb-margin-bottom-large:0px;--awb-spacing-left-large:1.92%;--awb-width-medium:100%;--awb-order-medium:0;--awb-spacing-right-medium:1.92%;--awb-spacing-left-medium:1.92%;--awb-width-small:100%;--awb-order-small:0;--awb-spacing-right-small:1.92%;--awb-spacing-left-small:1.92%;\"><div class=\"fusion-column-wrapper fusion-column-has-shadow fusion-flex-justify-content-flex-start fusion-content-layout-column\"><div class=\"fusion-title title fusion-title-1 fusion-sep-none fusion-title-center fusion-title-text fusion-title-size-one\" style=\"--awb-text-color:var(--awb-color1);\"><h1 class=\"fusion-title-heading title-heading-center\" style=\"margin:0;\">La historia de cal Mauro<\/h1><\/div><\/div><\/div><\/div><\/div><div class=\"fusion-fullwidth fullwidth-box fusion-builder-row-2 fusion-flex-container has-pattern-background has-mask-background nonhundred-percent-fullwidth non-hundred-percent-height-scrolling\" style=\"--awb-border-radius-top-left:0px;--awb-border-radius-top-right:0px;--awb-border-radius-bottom-right:0px;--awb-border-radius-bottom-left:0px;--awb-padding-top:3%;--awb-padding-right:25%;--awb-padding-bottom:3%;--awb-padding-left:25%;--awb-padding-right-small:10%;--awb-padding-left-small:10%;--awb-flex-wrap:wrap;\" ><div class=\"fusion-builder-row fusion-row fusion-flex-align-items-flex-start fusion-flex-content-wrap\" style=\"max-width:1248px;margin-left: calc(-4% \/ 2 );margin-right: calc(-4% \/ 2 );\"><div class=\"fusion-layout-column fusion_builder_column fusion-builder-column-1 fusion_builder_column_1_1 1_1 fusion-flex-column\" style=\"--awb-bg-size:cover;--awb-width-large:100%;--awb-margin-top-large:0px;--awb-spacing-right-large:1.92%;--awb-margin-bottom-large:20px;--awb-spacing-left-large:1.92%;--awb-width-medium:100%;--awb-order-medium:0;--awb-spacing-right-medium:1.92%;--awb-spacing-left-medium:1.92%;--awb-width-small:100%;--awb-order-small:0;--awb-spacing-right-small:1.92%;--awb-spacing-left-small:1.92%;\"><div class=\"fusion-column-wrapper fusion-column-has-shadow fusion-flex-justify-content-flex-start fusion-content-layout-column\"><div class=\"fusion-title title fusion-title-2 fusion-sep-none fusion-title-center fusion-title-text fusion-title-size-two\"><h2 class=\"fusion-title-heading title-heading-center\" style=\"margin:0;\">El Quiosco cal Mauro es en recuerdo a mi padre<\/h2><\/div><div class=\"fusion-text fusion-text-1\"><p style=\"text-align: center;  \">\u00a1Hola! Soy Ra\u00fal y soy la persona que est\u00e1 detr\u00e1s del quiosco de cal Mauro. Aunque nac\u00ed en Navarra hace ya un pu\u00f1ado de a\u00f1os que vivo en Art\u00e9s. Llegu\u00e9 aqu\u00ed en 2014 y cuatro a\u00f1os m\u00e1s tarde, cuando decid\u00ed poner en marcha el quiosco decid\u00ed ponerle ese nombre en recuerdo de mi padre, que se llamaba Mauro.   <\/p>\n<p style=\"text-align: center;  \">Cal Mauro abri\u00f3 sus puertas el primero de abril de 2018, recogiendo el legado y el testimonio del antiguo Mal\u00e9 y del 9Mal\u00e9, en la calle Barquera. Ya se sabe que los inicios no son sencillos, pero el proyecto fue cogiendo forma y en diciembre del 2018 ya nos trasladamos a donde estamos hoy, en la calle del Carme, 8 en la esquina de la plaza de la iglesia. <\/p>\n<\/div><\/div><\/div><\/div><\/div><div class=\"fusion-fullwidth fullwidth-box fusion-builder-row-3 fusion-flex-container has-pattern-background has-mask-background hundred-percent-fullwidth non-hundred-percent-height-scrolling\" style=\"--awb-border-radius-top-left:0px;--awb-border-radius-top-right:0px;--awb-border-radius-bottom-right:0px;--awb-border-radius-bottom-left:0px;--awb-padding-top:3%;--awb-padding-bottom:3%;--awb-flex-wrap:wrap;\" ><div class=\"fusion-builder-row fusion-row fusion-flex-align-items-center fusion-flex-content-wrap\" style=\"width:104% !important;max-width:104% !important;margin-left: calc(-4% \/ 2 );margin-right: calc(-4% \/ 2 );\"><div class=\"fusion-layout-column fusion_builder_column fusion-builder-column-2 fusion_builder_column_1_2 1_2 fusion-flex-column\" style=\"--awb-bg-size:cover;--awb-width-large:50%;--awb-margin-top-large:0px;--awb-spacing-right-large:3.84%;--awb-margin-bottom-large:20px;--awb-spacing-left-large:3.84%;--awb-width-medium:50%;--awb-order-medium:0;--awb-spacing-right-medium:3.84%;--awb-spacing-left-medium:3.84%;--awb-width-small:100%;--awb-order-small:0;--awb-spacing-right-small:1.92%;--awb-spacing-left-small:1.92%;\"><div class=\"fusion-column-wrapper fusion-column-has-shadow fusion-flex-justify-content-flex-start fusion-content-layout-column\"><div class=\"fusion-title title fusion-title-3 fusion-sep-none fusion-title-text fusion-title-size-two\"><h2 class=\"fusion-title-heading title-heading-left\" style=\"margin:0;\">Local nuevo y cada vez m\u00e1s servicios<\/h2><\/div><div class=\"fusion-text fusion-text-2\"><p>Estrenar nuevo local ha permitido a Cal Mauro poder ir ampliando los servicios que ofrece e ir diversificando nuestra actividad. Desde marzo de 2019 que comercializamos Loter\u00edas de Catalu\u00f1a y en abril de 2023 nos convertimos en Punto de Venta Autorizado de la ONCE. <\/p>\n<p>En febrero de 2022, en plena pandemia cuando todo el mundo compraba online, con el fin de ofrecer un servicio m\u00e1s a nuestros clientes, empezamos a trabajar como punto Pickup de SEUR. De esta forma los clientes del quiosco pod\u00edan recoger y entregar paquetes en este punto y as\u00ed aprovechar el viaje cuando ven\u00edan a recoger el diario. <\/p>\n<\/div><\/div><\/div><div class=\"fusion-layout-column fusion_builder_column fusion-builder-column-3 fusion_builder_column_1_2 1_2 fusion-flex-column\" style=\"--awb-bg-size:cover;--awb-width-large:50%;--awb-margin-top-large:0px;--awb-spacing-right-large:3.84%;--awb-margin-bottom-large:20px;--awb-spacing-left-large:3.84%;--awb-width-medium:50%;--awb-order-medium:0;--awb-spacing-right-medium:3.84%;--awb-spacing-left-medium:3.84%;--awb-width-small:100%;--awb-order-small:0;--awb-spacing-right-small:1.92%;--awb-spacing-left-small:1.92%;\"><div class=\"fusion-column-wrapper fusion-column-has-shadow fusion-flex-justify-content-flex-start fusion-content-layout-column\"><div class=\"fusion-image-element \" style=\"--awb-aspect-ratio:3 \/ 2;--awb-caption-title-font-family:var(--h2_typography-font-family);--awb-caption-title-font-weight:var(--h2_typography-font-weight);--awb-caption-title-font-style:var(--h2_typography-font-style);--awb-caption-title-size:var(--h2_typography-font-size);--awb-caption-title-transform:var(--h2_typography-text-transform);--awb-caption-title-line-height:var(--h2_typography-line-height);--awb-caption-title-letter-spacing:var(--h2_typography-letter-spacing);\"><span class=\" fusion-imageframe imageframe-none imageframe-1 hover-type-none has-aspect-ratio\"><img decoding=\"async\" width=\"2560\" height=\"1920\" title=\"20250928_084133\" src=\"https:\/\/quiosccalmauro.com\/wp-content\/uploads\/2025\/09\/20250928_084133-scaled.jpg\" class=\"img-responsive wp-image-203 img-with-aspect-ratio\" data-parent-fit=\"cover\" data-parent-container=\".fusion-image-element\" alt srcset=\"https:\/\/quiosccalmauro.com\/wp-content\/uploads\/2025\/09\/20250928_084133-200x150.jpg 200w, https:\/\/quiosccalmauro.com\/wp-content\/uploads\/2025\/09\/20250928_084133-400x300.jpg 400w, https:\/\/quiosccalmauro.com\/wp-content\/uploads\/2025\/09\/20250928_084133-600x450.jpg 600w, https:\/\/quiosccalmauro.com\/wp-content\/uploads\/2025\/09\/20250928_084133-800x600.jpg 800w, https:\/\/quiosccalmauro.com\/wp-content\/uploads\/2025\/09\/20250928_084133-1200x900.jpg 1200w, https:\/\/quiosccalmauro.com\/wp-content\/uploads\/2025\/09\/20250928_084133-scaled.jpg 2560w\" sizes=\"(max-width: 640px) 100vw, 600px\" \/><\/span><\/div><\/div><\/div><\/div><\/div><div class=\"fusion-fullwidth fullwidth-box fusion-builder-row-4 fusion-flex-container has-pattern-background has-mask-background nonhundred-percent-fullwidth non-hundred-percent-height-scrolling\" style=\"--awb-border-radius-top-left:0px;--awb-border-radius-top-right:0px;--awb-border-radius-bottom-right:0px;--awb-border-radius-bottom-left:0px;--awb-padding-top:5%;--awb-padding-bottom:3%;--awb-background-color:#263a49;--awb-flex-wrap:wrap;\" ><div class=\"fusion-builder-row fusion-row fusion-flex-align-items-flex-start fusion-flex-content-wrap\" style=\"max-width:1248px;margin-left: calc(-4% \/ 2 );margin-right: calc(-4% \/ 2 );\"><div class=\"fusion-layout-column fusion_builder_column fusion-builder-column-4 fusion_builder_column_1_1 1_1 fusion-flex-column\" style=\"--awb-padding-top:5%;--awb-padding-right:30%;--awb-padding-bottom:5%;--awb-padding-left:30%;--awb-padding-right-small:10%;--awb-padding-left-small:10%;--awb-overflow:hidden;--awb-bg-color:#d9d9d9;--awb-bg-color-hover:#d9d9d9;--awb-bg-size:cover;--awb-border-radius:20px 20px 20px 20px;--awb-width-large:100%;--awb-margin-top-large:0px;--awb-spacing-right-large:1.92%;--awb-margin-bottom-large:20px;--awb-spacing-left-large:1.92%;--awb-width-medium:100%;--awb-order-medium:0;--awb-spacing-right-medium:1.92%;--awb-spacing-left-medium:1.92%;--awb-width-small:100%;--awb-order-small:0;--awb-spacing-right-small:1.92%;--awb-spacing-left-small:1.92%;\"><div class=\"fusion-column-wrapper fusion-column-has-shadow fusion-flex-justify-content-flex-start fusion-content-layout-column\"><div class=\"fusion-title title fusion-title-4 fusion-sep-none fusion-title-center fusion-title-text fusion-title-size-two\"><h2 class=\"fusion-title-heading title-heading-center\" style=\"margin:0;\">Cal Mauro es parte de Art\u00e9s y de su gente<\/h2><\/div><div class=\"fusion-text fusion-text-3\"><p style=\"text-align: center;\">Desde que empez\u00f3 la aventura del quiosco cal Mauro, siempre he o\u00eddo que el proyecto formaba parte de Art\u00e9s y que hacer la vida m\u00e1s sencilla a los vecinos y vecinas e implicarnos en todo lo que pasa era uno de los objetivos del quiosco.<\/p>\n<p style=\"text-align: center;\">Por este motivo, desde 2018 que formamos parte de la UBA, la Uni\u00f3 de Botiguers d&#8217;Art\u00e9s. Tambi\u00e9n colaboramos en los diferentes actos y asociaciones locales que nos piden una mano como el Sarau Artesenc, el Cross 1 mayo, el Rally 2000 Revueltas, los Amigos de la Sardana de Art\u00e9s o la Asociaci\u00f3n El Kanal. <\/p>\n<\/div><\/div><\/div><div class=\"fusion-layout-column fusion_builder_column fusion-builder-column-5 fusion_builder_column_1_1 1_1 fusion-flex-column\" style=\"--awb-padding-top:5%;--awb-padding-right:15%;--awb-padding-bottom:5%;--awb-padding-left:15%;--awb-bg-size:cover;--awb-width-large:100%;--awb-margin-top-large:0px;--awb-spacing-right-large:1.92%;--awb-margin-bottom-large:20px;--awb-spacing-left-large:1.92%;--awb-width-medium:100%;--awb-order-medium:0;--awb-spacing-right-medium:1.92%;--awb-spacing-left-medium:1.92%;--awb-width-small:100%;--awb-order-small:0;--awb-spacing-right-small:1.92%;--awb-spacing-left-small:1.92%;\"><div class=\"fusion-column-wrapper fusion-column-has-shadow fusion-flex-justify-content-flex-start fusion-content-layout-column\"><div class=\"fusion-title title fusion-title-5 fusion-sep-none fusion-title-center fusion-title-text fusion-title-size-two\" style=\"--awb-text-color:#ffffff;\"><h2 class=\"fusion-title-heading title-heading-center\" style=\"margin:0;\">Una de las mayores satisfacciones que tengo en el quiosco es la de poder ayudar a las personas mayores que tienen dificultades con las exigencias del mundo digital actual.<\/h2><\/div><\/div><\/div><\/div><\/div><\/p>\n","protected":false},"excerpt":{"rendered":"","protected":false},"author":1,"featured_media":0,"parent":0,"menu_order":0,"comment_status":"closed","ping_status":"closed","template":"100-width.php","meta":{"footnotes":""},"class_list":["post-202","page","type-page","status-publish","hentry"],"_links":{"self":[{"href":"https:\/\/quiosccalmauro.com\/es\/wp-json\/wp\/v2\/pages\/202","targetHints":{"allow":["GET"]}}],"collection":[{"href":"https:\/\/quiosccalmauro.com\/es\/wp-json\/wp\/v2\/pages"}],"about":[{"href":"https:\/\/quiosccalmauro.com\/es\/wp-json\/wp\/v2\/types\/page"}],"author":[{"embeddable":true,"href":"https:\/\/quiosccalmauro.com\/es\/wp-json\/wp\/v2\/users\/1"}],"replies":[{"embeddable":true,"href":"https:\/\/quiosccalmauro.com\/es\/wp-json\/wp\/v2\/comments?post=202"}],"version-history":[{"count":4,"href":"https:\/\/quiosccalmauro.com\/es\/wp-json\/wp\/v2\/pages\/202\/revisions"}],"predecessor-version":[{"id":230,"href":"https:\/\/quiosccalmauro.com\/es\/wp-json\/wp\/v2\/pages\/202\/revisions\/230"}],"wp:attachment":[{"href":"https:\/\/quiosccalmauro.com\/es\/wp-json\/wp\/v2\/media?parent=202"}],"curies":[{"name":"wp","href":"https:\/\/api.w.org\/{rel}","templated":true}]}}